{"id":116,"date":"2023-03-23T17:23:48","date_gmt":"2023-03-23T17:23:48","guid":{"rendered":"https:\/\/nn3km.de\/?page_id=116"},"modified":"2023-03-23T17:23:48","modified_gmt":"2023-03-23T17:23:48","slug":"rund-um-den-bodensee","status":"publish","type":"page","link":"https:\/\/nn3km.de\/?page_id=116","title":{"rendered":"Rund um den Bodensee"},"content":{"rendered":"\n<p>Die Fahrradtour rund um den Bodensee ist eine der sch\u00f6nsten Radtouren in Europa und f\u00fchrt durch idyllische Landschaften, malerische St\u00e4dte und entlang des klaren Sees. Startpunkt dieser Tour ist Konstanz, eine charmante Stadt am westlichen Ende des Bodensees.<\/p>\n\n\n\n<p>Von Konstanz aus f\u00fchrt die Route entlang des Sees nach Romanshorn in der Schweiz. Die Strecke ist flach und bietet atemberaubende Ausblicke auf den See und die schneebedeckten Alpen im Hintergrund. In Romanshorn lohnt sich ein Besuch des Seeparks und des Schifffahrtsmuseums.<\/p>\n\n\n\n<p>Weiter geht es nach Bregenz in \u00d6sterreich. Die Strecke f\u00fchrt entlang des \u00f6stlichen Ufers des Sees und bietet einen Blick auf die imposante Bregenzer Festspielb\u00fchne. In Bregenz k\u00f6nnen Sie die historische Altstadt erkunden und eine Seilbahnfahrt auf den Pf\u00e4nder unternehmen, um einen spektakul\u00e4ren Blick auf den Bodensee und die umliegenden Berge zu genie\u00dfen.<\/p>\n\n\n\n<p>Von Bregenz geht es weiter nach Friedrichshafen. Unterwegs k\u00f6nnen Sie die mittelalterliche Stadt Lindau besuchen, die auf einer Insel im See liegt. In Friedrichshafen k\u00f6nnen Sie das Zeppelin-Museum besuchen und mehr \u00fcber die Geschichte der Luftschiffe erfahren. Au\u00dferdem bietet sich ein Spaziergang entlang der Uferpromenade an.<\/p>\n\n\n\n<p>Die letzte Etappe der Tour f\u00fchrt von Friedrichshafen nach \u00dcberlingen. Unterwegs k\u00f6nnen Sie das Naturschutzgebiet Eriskircher Ried besuchen, das ein wichtiger Lebensraum f\u00fcr V\u00f6gel ist. In \u00dcberlingen k\u00f6nnen Sie den mittelalterlichen Stadtkern erkunden und den Blick auf den See genie\u00dfen.<\/p>\n\n\n\n<p>Insgesamt ist die Fahrradtour rund um den Bodensee eine unvergessliche Erfahrung, die Sie durch beeindruckende Landschaften und malerische St\u00e4dte f\u00fchrt.<\/p>\n\n\n\n<figure class=\"wp-block-image size-full\"><img loading=\"lazy\" decoding=\"async\" width=\"1024\" height=\"576\" src=\"https:\/\/nn3km.de\/wp-content\/uploads\/2022\/11\/fa040255-7847-49f5-afb4-472aa5d04980.jpg\" alt=\"\" class=\"wp-image-60\" srcset=\"https:\/\/nn3km.de\/wp-content\/uploads\/2022\/11\/fa040255-7847-49f5-afb4-472aa5d04980.jpg 1024w, https:\/\/nn3km.de\/wp-content\/uploads\/2022\/11\/fa040255-7847-49f5-afb4-472aa5d04980-300x169.jpg 300w, https:\/\/nn3km.de\/wp-content\/uploads\/2022\/11\/fa040255-7847-49f5-afb4-472aa5d04980-768x432.jpg 768w, https:\/\/nn3km.de\/wp-content\/uploads\/2022\/11\/fa040255-7847-49f5-afb4-472aa5d04980-206x116.jpg 206w\" sizes=\"auto, (max-width: 1024px) 100vw, 1024px\" \/><\/figure>\n","protected":false},"excerpt":{"rendered":"<p>Die Fahrradtour rund um den Bodensee ist eine der sch\u00f6nsten Radtouren in Europa und f\u00fchrt durch idyllische Landschaften, malerische St\u00e4dte und entlang des klaren Sees. Startpunkt dieser Tour ist Konstanz, eine charmante Stadt am westlichen Ende des Bodensees. Von Konstanz aus f\u00fchrt die Route entlang des Sees nach Romanshorn in der Schweiz. Die Strecke ist [&hellip;]<\/p>\n","protected":false},"author":1,"featured_media":0,"parent":0,"menu_order":0,"comment_status":"closed","ping_status":"closed","template":"","meta":{"footnotes":""},"class_list":["post-116","page","type-page","status-publish","hentry","post-preview"],"jetpack_sharing_enabled":true,"_links":{"self":[{"href":"https:\/\/nn3km.de\/index.php?rest_route=\/wp\/v2\/pages\/116","targetHints":{"allow":["GET"]}}],"collection":[{"href":"https:\/\/nn3km.de\/index.php?rest_route=\/wp\/v2\/pages"}],"about":[{"href":"https:\/\/nn3km.de\/index.php?rest_route=\/wp\/v2\/types\/page"}],"author":[{"embeddable":true,"href":"https:\/\/nn3km.de\/index.php?rest_route=\/wp\/v2\/users\/1"}],"replies":[{"embeddable":true,"href":"https:\/\/nn3km.de\/index.php?rest_route=%2Fwp%2Fv2%2Fcomments&post=116"}],"version-history":[{"count":1,"href":"https:\/\/nn3km.de\/index.php?rest_route=\/wp\/v2\/pages\/116\/revisions"}],"predecessor-version":[{"id":117,"href":"https:\/\/nn3km.de\/index.php?rest_route=\/wp\/v2\/pages\/116\/revisions\/117"}],"wp:attachment":[{"href":"https:\/\/nn3km.de\/index.php?rest_route=%2Fwp%2Fv2%2Fmedia&parent=116"}],"curies":[{"name":"wp","href":"https:\/\/api.w.org\/{rel}","templated":true}]}}